{"id":2,"date":"2014-02-04T10:53:54","date_gmt":"2014-02-04T10:53:54","guid":{"rendered":"http:\/\/www.ergojastuk.com\/new\/?page_id=2"},"modified":"2021-01-02T10:16:12","modified_gmt":"2021-01-02T10:16:12","slug":"sample-page","status":"publish","type":"page","link":"https:\/\/www.ergojastuk.com\/","title":{"rendered":"O nama"},"content":{"rendered":"<p> Firma \u201cErgo jastuk doo\u201d je jedan od vode\u0107ih proizvo\u0111a\u010da jastuka vrhunskog kvaliteta.<br \/>\nErgo jastuk je perjanica me\u0111u jastucima za spavanje na tr\u017ei\u0161tu Srbije, a veliki uspeh na ovim prostorima postigli smo posebnim na\u010dinom \u0161ivenja jastuka, za \u010dije punjenje koristimo najkvalitetnija antibakterijska vlakna, a za omota\u010d \u010de\u0161ki damast.<br \/>\nPored toga, bavimo se proizvodnjom posteljine od najkvalitetnihjih materijala (\u010de\u0161kog damasta i turskog pamuka), kao i stolnjaka za ugostiteljske objekte.<br \/>\n<a href=\"http:\/\/www.ergojastuk.com\/?page_id=13&amp;lang=rs\"><img loading=\"lazy\" decoding=\"async\" class=\"size-medium wp-image-135 alignright\" alt=\"ergo-jastuk-beograd\" src=\"http:\/\/www.ergojastuk.com\/wp-content\/uploads\/2014\/02\/ergo-jastuk-beograd-300x212.png\" width=\"300\" height=\"212\" srcset=\"https:\/\/www.ergojastuk.com\/wp-content\/uploads\/2014\/02\/ergo-jastuk-beograd-300x212.png 300w, https:\/\/www.ergojastuk.com\/wp-content\/uploads\/2014\/02\/ergo-jastuk-beograd-610x431.png 610w, https:\/\/www.ergojastuk.com\/wp-content\/uploads\/2014\/02\/ergo-jastuk-beograd.png 643w\" sizes=\"auto, (max-width: 300px) 100vw, 300px\" \/><\/a> Dugogodi\u0161nje postojanje na tr\u017ei\u0161tu, iskustvo i saradnja sa renomiranim trgovinskim lancima, prvoklasni materijali i jedinstven na\u010din proizvodnje \u2013 stvorili su brend Ergo, koji svojim proizvodima mo\u017ee u\u010diniti da i Va\u0161 stan, hotel, apartman, motel, vila, bolnica, banjsko le\u010dili\u0161te ili ugostiteljski objekat budu zdraviji, lep\u0161i i kvalitetniji.<\/p>\n<div style=\"position: absolute; top: 10px; right: 0px;\"><a title=\"Ergo jastuci\" href=\"http:\/\/www.ergojastuk.com\/?product_category=ergo-jastuci&amp;lang=rs\">Kliknite ovde da naru\u010dite na\u0161e jastuke<\/a> i <a title=\"Ergo jastuci\" href=\"http:\/\/www.ergojastuk.com\/?product_category=posteljine&amp;lang=rs\">posteljinu<\/a><\/div>\n<h2>Reference<\/h2>\n<table>\n<tbody>\n<tr>\n<td>[wpic color=&#8221;lightbrown&#8221; visible=&#8221;6&#8243; width=&#8221;150&#8243; height=&#8221;68&#8243; speed=&#8221;1000&#8243; auto=&#8221;3000&#8243; ]<a href=\"?page_id=15\"><img loading=\"lazy\" decoding=\"async\" class=\"alignnone size-full wp-image-205\" alt=\"3\" src=\"http:\/\/www.ergojastuk.com\/wp-content\/uploads\/2014\/02\/21.jpg\" width=\"150\" height=\"68\" \/><\/a>\/!<a href=\"?page_id=15\"><img loading=\"lazy\" decoding=\"async\" class=\"alignnone size-full wp-image-204\" alt=\"1\" src=\"http:\/\/www.ergojastuk.com\/new\/wp-content\/uploads\/2014\/02\/11.jpg\" width=\"150\" height=\"68\" \/><\/a>\/!<a href=\"?page_id=15\"><img loading=\"lazy\" decoding=\"async\" class=\"alignnone size-full wp-image-203\" alt=\"2\" src=\"http:\/\/www.ergojastuk.com\/new\/wp-content\/uploads\/2014\/02\/31.jpg\" width=\"150\" height=\"68\" \/><\/a>\/!<a href=\"?page_id=15\"><img loading=\"lazy\" decoding=\"async\" class=\"alignnone size-full wp-image-200\" alt=\"5\" src=\"http:\/\/www.ergojastuk.com\/new\/wp-content\/uploads\/2014\/02\/41.jpg\" width=\"150\" height=\"68\" \/><\/a>\/!<a href=\"?page_id=15\"><img loading=\"lazy\" decoding=\"async\" class=\"alignnone size-full wp-image-201\" alt=\"4\" src=\"http:\/\/www.ergojastuk.com\/new\/wp-content\/uploads\/2014\/02\/5.jpg\" width=\"150\" height=\"68\" \/><\/a>\/!<a href=\"?page_id=15\"><img loading=\"lazy\" decoding=\"async\" class=\"alignnone size-full wp-image-199\" alt=\"6\" src=\"http:\/\/www.ergojastuk.com\/new\/wp-content\/uploads\/2014\/02\/6.jpg\" width=\"150\" height=\"68\" \/><\/a>\/!<a href=\"?page_id=15\"><img loading=\"lazy\" decoding=\"async\" class=\"alignnone size-full wp-image-199\" alt=\"6\" src=\"http:\/\/www.ergojastuk.com\/new\/wp-content\/uploads\/2014\/02\/7.jpg\" width=\"150\" height=\"68\" \/><\/a>\/!<a href=\"?page_id=15\"><img loading=\"lazy\" decoding=\"async\" class=\"alignnone size-full wp-image-199\" alt=\"6\" src=\"http:\/\/www.ergojastuk.com\/new\/wp-content\/uploads\/2014\/02\/8.jpg\" width=\"150\" height=\"68\" \/><\/a>\/!<a href=\"?page_id=15\"><img loading=\"lazy\" decoding=\"async\" class=\"alignnone size-full wp-image-199\" alt=\"6\" src=\"http:\/\/www.ergojastuk.com\/new\/wp-content\/uploads\/2014\/02\/9.jpg\" width=\"150\" height=\"68\" \/><\/a>\/!<a href=\"?page_id=15\"><img loading=\"lazy\" decoding=\"async\" class=\"alignnone size-full wp-image-199\" alt=\"6\" src=\"http:\/\/www.ergojastuk.com\/new\/wp-content\/uploads\/2014\/02\/10.jpg\" width=\"150\" height=\"68\" \/><\/a>\/!<a href=\"?page_id=15\"><img loading=\"lazy\" decoding=\"async\" class=\"alignnone size-full wp-image-199\" alt=\"6\" src=\"http:\/\/www.ergojastuk.com\/new\/wp-content\/uploads\/2014\/02\/111.jpg\" width=\"150\" height=\"68\" \/><\/a>[\/wpic]<\/td>\n<\/tr>\n<\/tbody>\n<\/table>\n","protected":false},"excerpt":{"rendered":"<p>Firma \u201cErgo jastuk doo\u201d je jedan od vode\u0107ih proizvo\u0111a\u010da jastuka vrhunskog kvaliteta. Ergo jastuk je perjanica me\u0111u jastucima za spavanje na tr\u017ei\u0161tu Srbije, a veliki uspeh na ovim prostorima postigli smo posebnim na\u010dinom \u0161ivenja jastuka, za \u010dije punjenje koristimo najkvalitetnija antibakterijska vlakna, a za omota\u010d \u010de\u0161ki damast. Pored toga, bavimo se proizvodnjom posteljine od najkvalitetnihjih [&hellip;]<\/p>\n","protected":false},"author":1,"featured_media":0,"parent":0,"menu_order":1,"comment_status":"open","ping_status":"open","template":"","meta":{"footnotes":""},"class_list":["post-2","page","type-page","status-publish","hentry"],"_links":{"self":[{"href":"https:\/\/www.ergojastuk.com\/index.php?rest_route=\/wp\/v2\/pages\/2","targetHints":{"allow":["GET"]}}],"collection":[{"href":"https:\/\/www.ergojastuk.com\/index.php?rest_route=\/wp\/v2\/pages"}],"about":[{"href":"https:\/\/www.ergojastuk.com\/index.php?rest_route=\/wp\/v2\/types\/page"}],"author":[{"embeddable":true,"href":"https:\/\/www.ergojastuk.com\/index.php?rest_route=\/wp\/v2\/users\/1"}],"replies":[{"embeddable":true,"href":"https:\/\/www.ergojastuk.com\/index.php?rest_route=%2Fwp%2Fv2%2Fcomments&post=2"}],"version-history":[{"count":39,"href":"https:\/\/www.ergojastuk.com\/index.php?rest_route=\/wp\/v2\/pages\/2\/revisions"}],"predecessor-version":[{"id":347,"href":"https:\/\/www.ergojastuk.com\/index.php?rest_route=\/wp\/v2\/pages\/2\/revisions\/347"}],"wp:attachment":[{"href":"https:\/\/www.ergojastuk.com\/index.php?rest_route=%2Fwp%2Fv2%2Fmedia&parent=2"}],"curies":[{"name":"wp","href":"https:\/\/api.w.org\/{rel}","templated":true}]}}