{"id":19,"date":"2014-02-04T12:39:07","date_gmt":"2014-02-04T12:39:07","guid":{"rendered":"http:\/\/www.ergojastuk.com\/new\/?page_id=19"},"modified":"2016-02-07T15:17:15","modified_gmt":"2016-02-07T15:17:15","slug":"posteljine","status":"publish","type":"page","link":"http:\/\/www.ergojastuk.com\/?page_id=19","title":{"rendered":"Posteljine"},"content":{"rendered":"<p>Posteljine od damasta (\u0161iroka,srednja i uska pruga), krepa i \u0161ifona, razli\u010ditih dezena i dimenzija.<\/p>\n<div style=\"position: absolute; top: 10px; right: 0px;\"><a title=\"Posteljina\" href=\"http:\/\/www.ergojastuk.com\/?product_category=posteljine\">Kliknite ovde da naru\u010dite posteljinu<\/a><\/div>\n<table>\n<tbody>\n<tr>\n<td bgcolor=\"#FFFFFF\"><a href=\"http:\/\/www.ergojastuk.com\/wp-content\/uploads\/2014\/02\/41qVceK9qVL-1.jpg\"><img loading=\"lazy\" decoding=\"async\" class=\"alignnone size-full wp-image-159\" src=\"http:\/\/www.ergojastuk.com\/wp-content\/uploads\/2014\/02\/41qVceK9qVL-1.jpg\" alt=\"41qVceK9qVL (1)\" width=\"300\" height=\"300\" srcset=\"http:\/\/www.ergojastuk.com\/wp-content\/uploads\/2014\/02\/41qVceK9qVL-1.jpg 300w, http:\/\/www.ergojastuk.com\/wp-content\/uploads\/2014\/02\/41qVceK9qVL-1-150x150.jpg 150w\" sizes=\"auto, (max-width: 300px) 100vw, 300px\" \/><\/a> <a href=\"http:\/\/www.ergojastuk.com\/wp-content\/uploads\/2014\/02\/Damask-Stripe-Collection-400-Thread-Count-Queen-size-Duvet-Cover-5ee75e68-2417-41a0-b6a6-9e37edae7bfa_320-1.jpg\"><img loading=\"lazy\" decoding=\"async\" class=\"alignnone size-medium wp-image-165\" src=\"http:\/\/www.ergojastuk.com\/wp-content\/uploads\/2014\/02\/Damask-Stripe-Collection-400-Thread-Count-Queen-size-Duvet-Cover-5ee75e68-2417-41a0-b6a6-9e37edae7bfa_320-1-300x255.jpg\" alt=\"Damask-Stripe-Collection-400-Thread-Count-Queen-size-Duvet-Cover-5ee75e68-2417-41a0-b6a6-9e37edae7bfa_320 (1)\" width=\"300\" height=\"255\" srcset=\"http:\/\/www.ergojastuk.com\/wp-content\/uploads\/2014\/02\/Damask-Stripe-Collection-400-Thread-Count-Queen-size-Duvet-Cover-5ee75e68-2417-41a0-b6a6-9e37edae7bfa_320-1-300x255.jpg 300w, http:\/\/www.ergojastuk.com\/wp-content\/uploads\/2014\/02\/Damask-Stripe-Collection-400-Thread-Count-Queen-size-Duvet-Cover-5ee75e68-2417-41a0-b6a6-9e37edae7bfa_320-1.jpg 320w\" sizes=\"auto, (max-width: 300px) 100vw, 300px\" \/><\/a><img loading=\"lazy\" decoding=\"async\" class=\"alignnone size-medium wp-image-156\" src=\"http:\/\/www.ergojastuk.com\/wp-content\/uploads\/2014\/02\/mP0YwVp2EIx__nSFgB4Gy2A-1.jpg\" alt=\"mP0YwVp2EIx__nSFgB4Gy2A (1)\" width=\"225\" height=\"225\" srcset=\"http:\/\/www.ergojastuk.com\/wp-content\/uploads\/2014\/02\/mP0YwVp2EIx__nSFgB4Gy2A-1.jpg 225w, http:\/\/www.ergojastuk.com\/wp-content\/uploads\/2014\/02\/mP0YwVp2EIx__nSFgB4Gy2A-1-150x150.jpg 150w\" sizes=\"auto, (max-width: 225px) 100vw, 225px\" \/> <a href=\"http:\/\/www.ergojastuk.com\/wp-content\/uploads\/2014\/02\/christy-damask-stripe-sheet-set-king-300-tc-cotton-sateen-in-whitep5902k_011500.2-1.jpg\"><img loading=\"lazy\" decoding=\"async\" class=\"alignnone size-medium wp-image-157\" src=\"http:\/\/www.ergojastuk.com\/wp-content\/uploads\/2014\/02\/christy-damask-stripe-sheet-set-king-300-tc-cotton-sateen-in-whitep5902k_011500.2-1-300x300.jpg\" alt=\"christy-damask-stripe-sheet-set-king-300-tc-cotton-sateen-in-white~p~5902k_01~1500.2 (1)\" width=\"300\" height=\"300\" srcset=\"http:\/\/www.ergojastuk.com\/wp-content\/uploads\/2014\/02\/christy-damask-stripe-sheet-set-king-300-tc-cotton-sateen-in-whitep5902k_011500.2-1-300x300.jpg 300w, http:\/\/www.ergojastuk.com\/wp-content\/uploads\/2014\/02\/christy-damask-stripe-sheet-set-king-300-tc-cotton-sateen-in-whitep5902k_011500.2-1-150x150.jpg 150w, http:\/\/www.ergojastuk.com\/wp-content\/uploads\/2014\/02\/christy-damask-stripe-sheet-set-king-300-tc-cotton-sateen-in-whitep5902k_011500.2-1-1024x1024.jpg 1024w, http:\/\/www.ergojastuk.com\/wp-content\/uploads\/2014\/02\/christy-damask-stripe-sheet-set-king-300-tc-cotton-sateen-in-whitep5902k_011500.2-1-610x610.jpg 610w, http:\/\/www.ergojastuk.com\/wp-content\/uploads\/2014\/02\/christy-damask-stripe-sheet-set-king-300-tc-cotton-sateen-in-whitep5902k_011500.2-1.jpg 1500w\" sizes=\"auto, (max-width: 300px) 100vw, 300px\" \/><\/a> <a href=\"http:\/\/www.ergojastuk.com\/wp-content\/uploads\/2014\/02\/31yxQ1Dt5rL._SY300_-1.jpg\"><img loading=\"lazy\" decoding=\"async\" class=\"alignnone size-medium wp-image-158\" src=\"http:\/\/www.ergojastuk.com\/wp-content\/uploads\/2014\/02\/31yxQ1Dt5rL._SY300_-1.jpg\" alt=\"31yxQ1Dt5rL._SY300_ (1)\" width=\"300\" height=\"300\" srcset=\"http:\/\/www.ergojastuk.com\/wp-content\/uploads\/2014\/02\/31yxQ1Dt5rL._SY300_-1.jpg 300w, http:\/\/www.ergojastuk.com\/wp-content\/uploads\/2014\/02\/31yxQ1Dt5rL._SY300_-1-150x150.jpg 150w\" sizes=\"auto, (max-width: 300px) 100vw, 300px\" \/><\/a> <a href=\"http:\/\/www.ergojastuk.com\/wp-content\/uploads\/2014\/02\/41qVceK9qVL-1.jpg\"><img loading=\"lazy\" decoding=\"async\" class=\"alignnone size-medium wp-image-159\" src=\"http:\/\/www.ergojastuk.com\/wp-content\/uploads\/2014\/02\/41qVceK9qVL-1.jpg\" alt=\"41qVceK9qVL (1)\" width=\"300\" height=\"300\" srcset=\"http:\/\/www.ergojastuk.com\/wp-content\/uploads\/2014\/02\/41qVceK9qVL-1.jpg 300w, http:\/\/www.ergojastuk.com\/wp-content\/uploads\/2014\/02\/41qVceK9qVL-1-150x150.jpg 150w\" sizes=\"auto, (max-width: 300px) 100vw, 300px\" \/><\/a> <a href=\"http:\/\/www.ergojastuk.com\/new\/wp-content\/uploads\/2014\/02\/31Gk6W+1iUL-1.jpg\"><img loading=\"lazy\" decoding=\"async\" class=\"alignnone size-medium wp-image-160\" src=\"http:\/\/www.ergojastuk.com\/new\/wp-content\/uploads\/2014\/02\/31Gk6W+1iUL-1.jpg\" alt=\"31Gk6W+1iUL (1)\" width=\"300\" height=\"218\" \/><\/a> <a href=\"http:\/\/www.ergojastuk.com\/new\/wp-content\/uploads\/2014\/02\/31TwHOY72RL-1.jpg\"><img loading=\"lazy\" decoding=\"async\" class=\"alignnone size-medium wp-image-161\" src=\"http:\/\/www.ergojastuk.com\/new\/wp-content\/uploads\/2014\/02\/31TwHOY72RL-1.jpg\" alt=\"31TwHOY72RL (1)\" width=\"300\" height=\"300\" srcset=\"http:\/\/www.ergojastuk.com\/wp-content\/uploads\/2014\/02\/31TwHOY72RL-1.jpg 300w, http:\/\/www.ergojastuk.com\/wp-content\/uploads\/2014\/02\/31TwHOY72RL-1-150x150.jpg 150w\" sizes=\"auto, (max-width: 300px) 100vw, 300px\" \/><\/a><\/td>\n<\/tr>\n<\/tbody>\n<\/table>\n","protected":false},"excerpt":{"rendered":"<p>Posteljine od damasta (\u0161iroka,srednja i uska pruga), krepa i \u0161ifona, razli\u010ditih dezena i dimenzija. Kliknite ovde da naru\u010dite posteljinu<\/p>\n","protected":false},"author":1,"featured_media":0,"parent":0,"menu_order":3,"comment_status":"open","ping_status":"open","template":"","meta":{"footnotes":""},"class_list":["post-19","page","type-page","status-publish","hentry"],"_links":{"self":[{"href":"http:\/\/www.ergojastuk.com\/index.php?rest_route=\/wp\/v2\/pages\/19","targetHints":{"allow":["GET"]}}],"collection":[{"href":"http:\/\/www.ergojastuk.com\/index.php?rest_route=\/wp\/v2\/pages"}],"about":[{"href":"http:\/\/www.ergojastuk.com\/index.php?rest_route=\/wp\/v2\/types\/page"}],"author":[{"embeddable":true,"href":"http:\/\/www.ergojastuk.com\/index.php?rest_route=\/wp\/v2\/users\/1"}],"replies":[{"embeddable":true,"href":"http:\/\/www.ergojastuk.com\/index.php?rest_route=%2Fwp%2Fv2%2Fcomments&post=19"}],"version-history":[{"count":11,"href":"http:\/\/www.ergojastuk.com\/index.php?rest_route=\/wp\/v2\/pages\/19\/revisions"}],"predecessor-version":[{"id":333,"href":"http:\/\/www.ergojastuk.com\/index.php?rest_route=\/wp\/v2\/pages\/19\/revisions\/333"}],"wp:attachment":[{"href":"http:\/\/www.ergojastuk.com\/index.php?rest_route=%2Fwp%2Fv2%2Fmedia&parent=19"}],"curies":[{"name":"wp","href":"https:\/\/api.w.org\/{rel}","templated":true}]}}