{"id":13,"date":"2014-02-04T12:38:25","date_gmt":"2014-02-04T12:38:25","guid":{"rendered":"http:\/\/www.ergojastuk.com\/new\/?page_id=13"},"modified":"2021-01-02T10:23:23","modified_gmt":"2021-01-02T10:23:23","slug":"ergo-jastuk","status":"publish","type":"page","link":"http:\/\/www.ergojastuk.com\/?page_id=13","title":{"rendered":"Ergo jastuk"},"content":{"rendered":"<p><a href=\"http:\/\/www.ergojastuk.com\/new\/wp-content\/uploads\/2014\/02\/ergo-jastuk.png\"><img loading=\"lazy\" decoding=\"async\" class=\"size-medium wp-image-133 alignleft\" alt=\"ergo-jastuk\" src=\"http:\/\/www.ergojastuk.com\/new\/wp-content\/uploads\/2014\/02\/ergo-jastuk-300x217.png\" width=\"300\" height=\"217\" srcset=\"http:\/\/www.ergojastuk.com\/wp-content\/uploads\/2014\/02\/ergo-jastuk-300x217.png 300w, http:\/\/www.ergojastuk.com\/wp-content\/uploads\/2014\/02\/ergo-jastuk-610x443.png 610w, http:\/\/www.ergojastuk.com\/wp-content\/uploads\/2014\/02\/ergo-jastuk.png 676w\" sizes=\"auto, (max-width: 300px) 100vw, 300px\" \/><\/a>Ergo jastuk je medicinski jastuk,punjen vlaknom koje ne prouzrokuje alergiju, savr\u0161eno se prilago\u0111ava obliku tela i samim tim omogu\u0107ava mi\u0161i\u0107ima tela, vrata, ramena i glave da se opuste i odmore.<\/p>\n<p>Zbog posebnog na\u010dina pakovanja i \u0161ivenja, Ergo jastuk je veoma dugotrajan i postojan. \u010cak i nakon duge\u00a0upotrebe ne dolazi do promene oblika niti volumena. Ergo jastuk se proizvodi u tri osnovne veli\u010dine:<br \/>\n<span style=\"color: #333300;\"><strong>60&#215;80, 50&#215;70 i 40&#215;60<\/strong><\/span>, a mo\u017ee se izraditi i u dimenzijama po narud\u017ebini.<\/p>\n<p>Prednost Ergo jastuka je njegovo antibakterijsko punjenje, koje na bazi jona srebra uni\u0161tava mikrobe\u00a0i bakterije u svom okru\u017eenju. Svi proizvodi &#8220;Ergo jastuk doo&#8221; imaju sertifikat o zdravstvenoj ispravnosti\u00a0izdat od &#8220;Jugoinspekt&#8221;, Beograd, pod brojem 03-09-994.<\/p>\n<p>Ergo jastuk se preporu\u010duje svim asmati\u010darima, bolesnicima plu\u0107a, deci sa spazmati\u010dnim bronhitisom,\u00a0bebama, ljudima koji imaju problema sa ki\u010dmom, i\u0161ijasom, spondilozom i svim zdravim ljudima koji \u017eele\u00a0da zdravo i lepo spavaju.<\/p>\n<p>Na\u010din odr\u017eavanja jastuka je veoma jednostavan. Pere se ma\u0161inski (60\u00b0) ili ru\u010dno,a ne preporu\u010duje se kori\u0161\u0107enje centrifuge. Nakon su\u0161enja vra\u0107a\u00a0se u prvobitno stanje bez ikakvih deformacija.<\/p>\n<h2 style=\"position: absolute; top: 10px; right: 0px;\"><a title=\"Ergo jastuci\" href=\"http:\/\/www.ergojastuk.com\/?product_category=ergo-jastuci\"><span style=\"color: #8e0200;\">Kliknite ovde da naru\u010dite na\u0161e jastuke<\/span><\/a><\/h2>\n","protected":false},"excerpt":{"rendered":"<p>Ergo jastuk je medicinski jastuk,punjen vlaknom koje ne prouzrokuje alergiju, savr\u0161eno se prilago\u0111ava obliku tela i samim tim omogu\u0107ava mi\u0161i\u0107ima tela, vrata, ramena i glave da se opuste i odmore. Zbog posebnog na\u010dina pakovanja i \u0161ivenja, Ergo jastuk je veoma dugotrajan i postojan. \u010cak i nakon duge\u00a0upotrebe ne dolazi do promene oblika niti volumena. Ergo [&hellip;]<\/p>\n","protected":false},"author":1,"featured_media":0,"parent":0,"menu_order":5,"comment_status":"open","ping_status":"open","template":"","meta":{"footnotes":""},"class_list":["post-13","page","type-page","status-publish","hentry"],"_links":{"self":[{"href":"http:\/\/www.ergojastuk.com\/index.php?rest_route=\/wp\/v2\/pages\/13","targetHints":{"allow":["GET"]}}],"collection":[{"href":"http:\/\/www.ergojastuk.com\/index.php?rest_route=\/wp\/v2\/pages"}],"about":[{"href":"http:\/\/www.ergojastuk.com\/index.php?rest_route=\/wp\/v2\/types\/page"}],"author":[{"embeddable":true,"href":"http:\/\/www.ergojastuk.com\/index.php?rest_route=\/wp\/v2\/users\/1"}],"replies":[{"embeddable":true,"href":"http:\/\/www.ergojastuk.com\/index.php?rest_route=%2Fwp%2Fv2%2Fcomments&post=13"}],"version-history":[{"count":15,"href":"http:\/\/www.ergojastuk.com\/index.php?rest_route=\/wp\/v2\/pages\/13\/revisions"}],"predecessor-version":[{"id":349,"href":"http:\/\/www.ergojastuk.com\/index.php?rest_route=\/wp\/v2\/pages\/13\/revisions\/349"}],"wp:attachment":[{"href":"http:\/\/www.ergojastuk.com\/index.php?rest_route=%2Fwp%2Fv2%2Fmedia&parent=13"}],"curies":[{"name":"wp","href":"https:\/\/api.w.org\/{rel}","templated":true}]}}